{"id":90,"date":"2022-03-04T09:04:43","date_gmt":"2022-03-04T09:04:43","guid":{"rendered":"https:\/\/patones.net\/site\/ayto\/?page_id=90"},"modified":"2022-03-04T09:04:44","modified_gmt":"2022-03-04T09:04:44","slug":"secretaria","status":"publish","type":"page","link":"https:\/\/patones.net\/site\/ayto\/secretaria\/","title":{"rendered":"Secretar\u00eda"},"content":{"rendered":"\n<h4 class=\"wp-block-heading\">D\u00aa In\u00e9s Mar\u00eda de la Calzada Mart\u00ednez<\/h4>\n\n\n\n<p><\/p>\n\n\n\n<h4 class=\"wp-block-heading\"><strong>Horario:<\/strong><\/h4>\n\n\n\n<p>Ma\u00f1anas: Lunes y Mi\u00e9rcoles de 9:00 a 15:30 h.<\/p>\n\n\n\n<h4 class=\"wp-block-heading\"><strong>Contacto: <\/strong><\/h4>\n\n\n\n<p>secretaria@patones.net &#8211; Tfno: 91 843 20 26<\/p>\n","protected":false},"excerpt":{"rendered":"<p>D\u00aa In\u00e9s Mar\u00eda de la Calzada Mart\u00ednez Horario: Ma\u00f1anas: Lunes y Mi\u00e9rcoles de 9:00 a 15:30 h. Contacto: secretaria@patones.net &#8211; Tfno: 91 843 20 26<\/p>\n","protected":false},"author":1,"featured_media":0,"parent":0,"menu_order":0,"comment_status":"closed","ping_status":"closed","template":"","meta":{"footnotes":""},"class_list":["post-90","page","type-page","status-publish","hentry"],"_links":{"self":[{"href":"https:\/\/patones.net\/site\/ayto\/wp-json\/wp\/v2\/pages\/90","targetHints":{"allow":["GET"]}}],"collection":[{"href":"https:\/\/patones.net\/site\/ayto\/wp-json\/wp\/v2\/pages"}],"about":[{"href":"https:\/\/patones.net\/site\/ayto\/wp-json\/wp\/v2\/types\/page"}],"author":[{"embeddable":true,"href":"https:\/\/patones.net\/site\/ayto\/wp-json\/wp\/v2\/users\/1"}],"replies":[{"embeddable":true,"href":"https:\/\/patones.net\/site\/ayto\/wp-json\/wp\/v2\/comments?post=90"}],"version-history":[{"count":1,"href":"https:\/\/patones.net\/site\/ayto\/wp-json\/wp\/v2\/pages\/90\/revisions"}],"predecessor-version":[{"id":91,"href":"https:\/\/patones.net\/site\/ayto\/wp-json\/wp\/v2\/pages\/90\/revisions\/91"}],"wp:attachment":[{"href":"https:\/\/patones.net\/site\/ayto\/wp-json\/wp\/v2\/media?parent=90"}],"curies":[{"name":"wp","href":"https:\/\/api.w.org\/{rel}","templated":true}]}}