{"id":82,"date":"2022-03-04T08:45:16","date_gmt":"2022-03-04T08:45:16","guid":{"rendered":"https:\/\/patones.net\/site\/ayto\/?page_id=82"},"modified":"2026-02-19T08:25:03","modified_gmt":"2026-02-19T08:25:03","slug":"agencia-de-empleo-y-desarrollo-local","status":"publish","type":"page","link":"https:\/\/patones.net\/site\/ayto\/agencia-de-empleo-y-desarrollo-local\/","title":{"rendered":"Agencia de empleo y desarrollo local"},"content":{"rendered":"\n<h4 class=\"wp-block-heading\">D\u00aa Juan  Miguel Tirado<\/h4>\n\n\n\n<p><\/p>\n\n\n\n<h4 class=\"wp-block-heading\"><strong>Horario:<\/strong><\/h4>\n\n\n\n<p>Ma\u00f1anas: Lunes a Viernes de 9:00 a 15:00 h.<\/p>\n\n\n\n<h4 class=\"wp-block-heading\"><strong>Contacto: <\/strong><\/h4>\n\n\n\n<p>aedl@patones.net &#8211; Tfno: 91 843 20 26<\/p>\n\n\n\n<p>Los Agentes de Empleo y Desarrollo Local tenemos como misi\u00f3n principal colaborar en la promoci\u00f3n e implantaci\u00f3n de las pol\u00edticas activas de empleo relacionadas con la creaci\u00f3n de actividad empresarial.<\/p>\n\n\n\n<p>Las funciones m\u00e1s destacadas de los Agentes de Empleo y Desarrollo Local son:<\/p>\n\n\n\n<ul class=\"wp-block-list\">\n<li>Prospecci\u00f3n de recursos ociosos o infrautilizados, de proyectos empresariales de promoci\u00f3n econ\u00f3mica local e iniciativas innovadoras para la generaci\u00f3n de empleo en el \u00e1mbito local, identificando nuevas actividades econ\u00f3micas y posibles emprendedores.<\/li>\n\n\n\n<li>Difusi\u00f3n y est\u00edmulo de potenciales oportunidades de creaci\u00f3n de actividad entre los desempleados, promotores y emprendedores, as\u00ed como instituciones colaboradoras.<\/li>\n\n\n\n<li>Acompa\u00f1amiento t\u00e9cnico en la iniciaci\u00f3n de proyectos empresariales para su consolidaci\u00f3n en empresas generadoras de nuevos empleos, asesorando e informando sobre la viabilidad t\u00e9cnica, econ\u00f3mica y financiera y, en general, sobre los planes de lanzamiento de las empresas.<\/li>\n\n\n\n<li>Apoyo a promotores de las empresas, una vez constituidas \u00e9stas, acompa\u00f1ando t\u00e9cnicamente a los mismos durante las primeras etapas de funcionamiento, mediante la aplicaci\u00f3n de t\u00e9cnicas de consultor\u00eda en gesti\u00f3n empresarial y asistencia en los procesos formativos adecuados para coadyuvar a la buena marcha de las empresas creadas.<\/li>\n<\/ul>\n\n\n\n<figure class=\"wp-block-image size-full is-resized\"><a href=\"https:\/\/patones.net\/site\/ayto\/wp-content\/uploads\/2026\/02\/CARTEL-ACTIVACION-JOVENES-2025_2026.jpg\"><img loading=\"lazy\" decoding=\"async\" width=\"350\" height=\"335\" src=\"https:\/\/patones.net\/site\/ayto\/wp-content\/uploads\/2026\/02\/CARTEL-ACTIVACION-JOVENES-2025_2026_web.jpg\" alt=\"\" class=\"wp-image-668\" style=\"aspect-ratio:1.0447932180089357;width:447px;height:auto\" srcset=\"https:\/\/patones.net\/site\/ayto\/wp-content\/uploads\/2026\/02\/CARTEL-ACTIVACION-JOVENES-2025_2026_web.jpg 350w, https:\/\/patones.net\/site\/ayto\/wp-content\/uploads\/2026\/02\/CARTEL-ACTIVACION-JOVENES-2025_2026_web-300x287.jpg 300w\" sizes=\"auto, (max-width: 350px) 100vw, 350px\" \/><\/a><\/figure>\n","protected":false},"excerpt":{"rendered":"<p>D\u00aa Juan Miguel Tirado Horario: Ma\u00f1anas: Lunes a Viernes de 9:00 a 15:00 h. Contacto: aedl@patones.net &#8211; Tfno: 91 843 20 26 Los Agentes de Empleo y Desarrollo Local tenemos como misi\u00f3n principal colaborar en la promoci\u00f3n e implantaci\u00f3n de <a class=\"more-link\" href=\"https:\/\/patones.net\/site\/ayto\/agencia-de-empleo-y-desarrollo-local\/\">Seguir leyendo <span class=\"screen-reader-text\">  Agencia de empleo y desarrollo local<\/span><span class=\"meta-nav\">&rarr;<\/span><\/a><\/p>\n","protected":false},"author":1,"featured_media":0,"parent":0,"menu_order":0,"comment_status":"closed","ping_status":"closed","template":"","meta":{"footnotes":""},"class_list":["post-82","page","type-page","status-publish","hentry"],"_links":{"self":[{"href":"https:\/\/patones.net\/site\/ayto\/wp-json\/wp\/v2\/pages\/82","targetHints":{"allow":["GET"]}}],"collection":[{"href":"https:\/\/patones.net\/site\/ayto\/wp-json\/wp\/v2\/pages"}],"about":[{"href":"https:\/\/patones.net\/site\/ayto\/wp-json\/wp\/v2\/types\/page"}],"author":[{"embeddable":true,"href":"https:\/\/patones.net\/site\/ayto\/wp-json\/wp\/v2\/users\/1"}],"replies":[{"embeddable":true,"href":"https:\/\/patones.net\/site\/ayto\/wp-json\/wp\/v2\/comments?post=82"}],"version-history":[{"count":9,"href":"https:\/\/patones.net\/site\/ayto\/wp-json\/wp\/v2\/pages\/82\/revisions"}],"predecessor-version":[{"id":678,"href":"https:\/\/patones.net\/site\/ayto\/wp-json\/wp\/v2\/pages\/82\/revisions\/678"}],"wp:attachment":[{"href":"https:\/\/patones.net\/site\/ayto\/wp-json\/wp\/v2\/media?parent=82"}],"curies":[{"name":"wp","href":"https:\/\/api.w.org\/{rel}","templated":true}]}}