{"id":69,"date":"2021-04-07T11:44:49","date_gmt":"2021-04-07T11:44:49","guid":{"rendered":"https:\/\/patones.net\/site\/ayto\/?page_id=69"},"modified":"2026-02-19T08:19:56","modified_gmt":"2026-02-19T08:19:56","slug":"bienvenidos","status":"publish","type":"page","link":"https:\/\/patones.net\/site\/ayto\/","title":{"rendered":""},"content":{"rendered":"\n<div class=\"wp-block-columns is-layout-flex wp-container-core-columns-is-layout-9d6595d7 wp-block-columns-is-layout-flex\">\n<div class=\"wp-block-column is-layout-flow wp-block-column-is-layout-flow\">\n<blockquote class=\"wp-block-quote is-layout-flow wp-block-quote-is-layout-flow\">\n<p><strong>Bienvenido a la web oficial del Ayuntamiento de Patones. En este sitio podr\u00e1 encontrar informaci\u00f3n \u00fatil sobre los servicios municipales<\/strong><\/p>\n<\/blockquote>\n<\/div>\n\n\n\n<div class=\"wp-block-column is-layout-flow wp-block-column-is-layout-flow\">\n<figure class=\"wp-block-image size-large\"><img loading=\"lazy\" decoding=\"async\" width=\"851\" height=\"630\" src=\"https:\/\/patones.net\/site\/ayto\/wp-content\/uploads\/2021\/04\/ayto_foto.jpg\" alt=\"Fachada Ayuntamiento de Patones y Plaza de la Constituci\u00f3n\" class=\"wp-image-70\" srcset=\"https:\/\/patones.net\/site\/ayto\/wp-content\/uploads\/2021\/04\/ayto_foto.jpg 851w, https:\/\/patones.net\/site\/ayto\/wp-content\/uploads\/2021\/04\/ayto_foto-300x222.jpg 300w, https:\/\/patones.net\/site\/ayto\/wp-content\/uploads\/2021\/04\/ayto_foto-768x569.jpg 768w\" sizes=\"auto, (max-width: 851px) 100vw, 851px\" \/><\/figure>\n<\/div>\n<\/div>\n\n\n\n<h2 class=\"wp-block-heading\">Noticias de Actualidad<\/h2>\n\n\n\n<p><\/p>\n\n\n\n<ul class=\"wp-block-list\">\n<li><a href=\"https:\/\/patones.net\/site\/ayto\/wp-content\/uploads\/2026\/02\/CARTEL-ACTIVACION-JOVENES-2025_2026.jpg\">Programa p\u00fablico de empleo. Formaci\u00f3n para la activaci\u00f3n profesional. Ver cartel.<\/a><\/li>\n\n\n\n<li><a href=\"https:\/\/www.patones.net\/wp-content\/uploads\/2025\/10\/2025_Auncio-de-cobranza.pdf\">Anuncio de cobranza de impuestos de bienes inmuebles, actividades econ\u00f3micas y tasa de basura.<\/a><\/li>\n\n\n\n<li><a href=\"https:\/\/www.patones.net\/wp-content\/uploads\/2024\/10\/2024_Servicio_al_Consumidor.pdf\">Servicio de Informaci\u00f3n al Consumidor.<\/a><\/li>\n\n\n\n<li><a href=\"https:\/\/www.patones.net\/wp-content\/uploads\/2023\/09\/2023_Normas-Gimnasio-Municipal.pdf\">Normativa gimnasio municipal.<\/a><a href=\"https:\/\/www.patones.net\/wp-content\/uploads\/2022\/12\/2022_Bando-retirada-elementos-publicitarios-via-publica.pdf\">.<\/a><\/li>\n\n\n\n<li><a href=\"https:\/\/www.patones.net\/wp-content\/uploads\/2021\/10\/2021_ORVE_Oficina_Registro_Virtual_Correos_Patones.pdf\" target=\"_blank\" rel=\"noreferrer noopener\">ORVE. Oficina de Registro Virtual en las oficinas de correos.<\/a><\/li>\n<\/ul>\n","protected":false},"excerpt":{"rendered":"<p>Bienvenido a la web oficial del Ayuntamiento de Patones. En este sitio podr\u00e1 encontrar informaci\u00f3n \u00fatil sobre los servicios municipales Noticias de Actualidad<\/p>\n","protected":false},"author":1,"featured_media":0,"parent":0,"menu_order":0,"comment_status":"closed","ping_status":"closed","template":"","meta":{"footnotes":""},"class_list":["post-69","page","type-page","status-publish","hentry"],"_links":{"self":[{"href":"https:\/\/patones.net\/site\/ayto\/wp-json\/wp\/v2\/pages\/69","targetHints":{"allow":["GET"]}}],"collection":[{"href":"https:\/\/patones.net\/site\/ayto\/wp-json\/wp\/v2\/pages"}],"about":[{"href":"https:\/\/patones.net\/site\/ayto\/wp-json\/wp\/v2\/types\/page"}],"author":[{"embeddable":true,"href":"https:\/\/patones.net\/site\/ayto\/wp-json\/wp\/v2\/users\/1"}],"replies":[{"embeddable":true,"href":"https:\/\/patones.net\/site\/ayto\/wp-json\/wp\/v2\/comments?post=69"}],"version-history":[{"count":39,"href":"https:\/\/patones.net\/site\/ayto\/wp-json\/wp\/v2\/pages\/69\/revisions"}],"predecessor-version":[{"id":671,"href":"https:\/\/patones.net\/site\/ayto\/wp-json\/wp\/v2\/pages\/69\/revisions\/671"}],"wp:attachment":[{"href":"https:\/\/patones.net\/site\/ayto\/wp-json\/wp\/v2\/media?parent=69"}],"curies":[{"name":"wp","href":"https:\/\/api.w.org\/{rel}","templated":true}]}}