{"id":486,"date":"2025-03-04T13:43:22","date_gmt":"2025-03-04T13:43:22","guid":{"rendered":"https:\/\/patones.net\/site\/ayto\/?page_id=486"},"modified":"2025-06-26T06:58:35","modified_gmt":"2025-06-26T06:58:35","slug":"plan-especial-de-aparcamientos-y-mejora-de-accesos-en-patones-subsanado-de-acuerdo-con-iae-e-informes-sectoriales","status":"publish","type":"page","link":"https:\/\/patones.net\/site\/ayto\/plan-especial-de-aparcamientos-y-mejora-de-accesos-en-patones-subsanado-de-acuerdo-con-iae-e-informes-sectoriales\/","title":{"rendered":"Plan especial de aparcamientos y mejora de accesos en Patones\u00a0subsanado de acuerdo con IAE e informes sectoriales\u00a0"},"content":{"rendered":"\n<h3 class=\"wp-block-heading\"><strong><em><mark style=\"background-color:rgba(0, 0, 0, 0);color:#bb530c\" class=\"has-inline-color\"><a href=\"https:\/\/www.patones.net\/ayto\/archivos\/plan_aparcamiento\/UP2403_Revisiones%20Informes%20Sectoriales.pdf\" target=\"_blank\" rel=\"noreferrer noopener\">Revisiones de informes sectoriales.<\/a><\/mark><\/em><\/strong><\/h3>\n\n\n\n<h3 class=\"wp-block-heading has-large-font-size\">1.Bloque I. Documentaci\u00f3n informativa<\/h3>\n\n\n\n<ol class=\"wp-block-list\">\n<li><a href=\"https:\/\/www.patones.net\/ayto\/archivos\/plan_aparcamiento\/UP2403_I_I_Memoria.pdf\" target=\"_blank\" rel=\"noreferrer noopener\">Memoria<\/a><\/li>\n\n\n\n<li><a href=\"https:\/\/www.patones.net\/ayto\/archivos\/plan_aparcamiento\/Bloque_I_Anexos.pdf\" target=\"_blank\" rel=\"noreferrer noopener\">Anexos<\/a><\/li>\n\n\n\n<li><a href=\"https:\/\/www.patones.net\/ayto\/archivos\/plan_aparcamiento\/Bloque_I_planos.pdf\" target=\"_blank\" rel=\"noreferrer noopener\">Planos<\/a><\/li>\n<\/ol>\n\n\n\n<h3 class=\"wp-block-heading\">2.Bloque II. Documentaci\u00f3n Ambiental<\/h3>\n\n\n\n<ol class=\"wp-block-list\">\n<li><a href=\"https:\/\/www.patones.net\/ayto\/archivos\/plan_aparcamiento\/UP2403_II_I_EAE_Bloque2_Memoria.pdf\" target=\"_blank\" rel=\"noreferrer noopener\">Memoria<\/a><\/li>\n\n\n\n<li><a href=\"https:\/\/www.patones.net\/ayto\/archivos\/plan_aparcamiento\/Bloque_II_Planos.pdf\" target=\"_blank\" rel=\"noreferrer noopener\">Planos<\/a><\/li>\n<\/ol>\n\n\n\n<h3 class=\"wp-block-heading\">3.Bloque III. Documentaci\u00f3n Normativa<\/h3>\n\n\n\n<ol class=\"wp-block-list\">\n<li><a href=\"https:\/\/www.patones.net\/ayto\/archivos\/plan_aparcamiento\/UP2403_III_I_Bloque_III_Memoria.pdf\" target=\"_blank\" rel=\"noreferrer noopener\">Memoria<\/a><\/li>\n\n\n\n<li><a href=\"https:\/\/www.patones.net\/ayto\/archivos\/plan_aparcamiento\/UP2403_BIII_Anexo%20I_Estudio%20Movilidad%20y%20funcionamiento.pdf\" target=\"_blank\" rel=\"noreferrer noopener\">Anexos<\/a><\/li>\n\n\n\n<li><a href=\"https:\/\/www.patones.net\/ayto\/archivos\/plan_aparcamiento\/UP2403_III_II_Bloque_III_Normativa.pdf\" target=\"_blank\" rel=\"noreferrer noopener\">Normativa<\/a><\/li>\n\n\n\n<li><a href=\"https:\/\/www.patones.net\/ayto\/archivos\/plan_aparcamiento\/Bloque_III_Planos.pdf\" target=\"_blank\" rel=\"noreferrer noopener\">Planos<\/a><\/li>\n<\/ol>\n\n\n\n<h3 class=\"wp-block-heading\">4.Bloque IV. Informe Ambiental Estrat\u00e9gico<\/h3>\n\n\n\n<ol class=\"wp-block-list\">\n<li><a href=\"https:\/\/patones.net\/site\/ayto\/wp-content\/uploads\/2025\/06\/IAE.pdf\">I<\/a><a href=\"https:\/\/patones.net\/site\/ayto\/wp-content\/uploads\/2025\/06\/IAE.pdf\" target=\"_blank\" rel=\"noreferrer noopener\">nforme Ambiental Estrat\u00e9gico<\/a><\/li>\n<\/ol>\n\n\n\n<h3 class=\"wp-block-heading\">5.Bloque V. Informes<\/h3>\n\n\n\n<ol class=\"wp-block-list\">\n<li><a href=\"https:\/\/www.patones.net\/ayto\/archivos\/plan_aparcamiento\/\/INFORME_Canal_Isabel_II.pdf\" target=\"_blank\" rel=\"noreferrer noopener\">Informe Canal de Isabel II<\/a><\/li>\n\n\n\n<li><a href=\"https:\/\/patones.net\/site\/ayto\/wp-content\/uploads\/2025\/06\/INFORME-FINAL_Canal-de-Isabel-II.pdf\" target=\"_blank\" rel=\"noreferrer noopener\">Informe Final Canal de Isabel II<\/a><\/li>\n\n\n\n<li><a href=\"https:\/\/patones.net\/site\/ayto\/wp-content\/uploads\/2025\/06\/INFORME_Direccion-General-de-Carreteras.pdf\" target=\"_blank\" rel=\"noreferrer noopener\">Informe Direcci\u00f3n General de Carreteras<\/a><\/li>\n\n\n\n<li><a href=\"https:\/\/patones.net\/site\/ayto\/wp-content\/uploads\/2025\/06\/INFORME-FINAL_Direccion-General-de-Carreteras.pdf\" target=\"_blank\" rel=\"noreferrer noopener\">Informe Final Direcci\u00f3n General de Carreteras<\/a><\/li>\n\n\n\n<li><a href=\"https:\/\/patones.net\/site\/ayto\/wp-content\/uploads\/2025\/06\/INFORME_Secretaria-de-Estado-de-Telecomunicaciones-e-Infraestructuras-Digitales.pdf\" target=\"_blank\" rel=\"noreferrer noopener\">Informe Secretar\u00eda de Estado de Telecomunicaciones e Infraestructuras Digitales<\/a><\/li>\n\n\n\n<li><a href=\"https:\/\/patones.net\/site\/ayto\/wp-content\/uploads\/2025\/06\/INFORME-FINAL_Secretaria-de-Estado-de-Telecomunicaciones-e-Infraestructuras-Digitales.pdf\" target=\"_blank\" rel=\"noreferrer noopener\">Informe Final Secretar\u00eda de Estado de Telecomunicaciones e Infraestructuras Digitales<\/a><\/li>\n\n\n\n<li><a href=\"https:\/\/patones.net\/site\/ayto\/wp-content\/uploads\/2025\/06\/INFORME_Confederacion-Hidrografica-del-Tajo.pdf\" target=\"_blank\" rel=\"noreferrer noopener\">Informe Confederaci\u00f3n Hidrogr\u00e1fica del Tajo<\/a><\/li>\n\n\n\n<li><a href=\"https:\/\/patones.net\/site\/ayto\/wp-content\/uploads\/2025\/06\/INFORME_Direccion-General-de-Patrimonio-Cultural-y-Oficina-del-Espanol.pdf\" target=\"_blank\" rel=\"noreferrer noopener\">Informe Direcci\u00f3n General de Patrimonio Cultural y Oficina del Espa\u00f1ol<\/a><\/li>\n\n\n\n<li><a href=\"https:\/\/patones.net\/site\/ayto\/wp-content\/uploads\/2025\/06\/INFORME_Direccion-General-de-Proteccion-Civil.pdf\" target=\"_blank\" rel=\"noreferrer noopener\">Informe Direcci\u00f3n General de Protecci\u00f3n Civil<\/a><\/li>\n\n\n\n<li><a href=\"https:\/\/patones.net\/site\/ayto\/wp-content\/uploads\/2025\/06\/INFORME_Direccion-General-de-Turismo-y-Hosteleria.pdf\" target=\"_blank\" rel=\"noreferrer noopener\">Informe Direcci\u00f3n General de Turismo y Hosteler\u00eda<\/a><\/li>\n\n\n\n<li><a href=\"https:\/\/patones.net\/site\/ayto\/wp-content\/uploads\/2025\/06\/INFORME_Secretaria-de-Estado-de-Energia.pdf\" target=\"_blank\" rel=\"noreferrer noopener\">Informe Secretar\u00eda de Estado de Energ\u00eda<\/a><\/li>\n<\/ol>\n\n\n\n<p><\/p>\n","protected":false},"excerpt":{"rendered":"<p>Revisiones de informes sectoriales. 1.Bloque I. Documentaci\u00f3n informativa 2.Bloque II. Documentaci\u00f3n Ambiental 3.Bloque III. Documentaci\u00f3n Normativa 4.Bloque IV. Informe Ambiental Estrat\u00e9gico 5.Bloque V. Informes<\/p>\n","protected":false},"author":1,"featured_media":0,"parent":0,"menu_order":0,"comment_status":"closed","ping_status":"closed","template":"","meta":{"footnotes":""},"class_list":["post-486","page","type-page","status-publish","hentry"],"_links":{"self":[{"href":"https:\/\/patones.net\/site\/ayto\/wp-json\/wp\/v2\/pages\/486","targetHints":{"allow":["GET"]}}],"collection":[{"href":"https:\/\/patones.net\/site\/ayto\/wp-json\/wp\/v2\/pages"}],"about":[{"href":"https:\/\/patones.net\/site\/ayto\/wp-json\/wp\/v2\/types\/page"}],"author":[{"embeddable":true,"href":"https:\/\/patones.net\/site\/ayto\/wp-json\/wp\/v2\/users\/1"}],"replies":[{"embeddable":true,"href":"https:\/\/patones.net\/site\/ayto\/wp-json\/wp\/v2\/comments?post=486"}],"version-history":[{"count":38,"href":"https:\/\/patones.net\/site\/ayto\/wp-json\/wp\/v2\/pages\/486\/revisions"}],"predecessor-version":[{"id":560,"href":"https:\/\/patones.net\/site\/ayto\/wp-json\/wp\/v2\/pages\/486\/revisions\/560"}],"wp:attachment":[{"href":"https:\/\/patones.net\/site\/ayto\/wp-json\/wp\/v2\/media?parent=486"}],"curies":[{"name":"wp","href":"https:\/\/api.w.org\/{rel}","templated":true}]}}