{"id":27,"date":"2021-03-24T11:33:56","date_gmt":"2021-03-24T11:33:56","guid":{"rendered":"https:\/\/patones.net\/site\/ayto\/?page_id=27"},"modified":"2022-03-04T13:34:26","modified_gmt":"2022-03-04T13:34:26","slug":"contacto","status":"publish","type":"page","link":"https:\/\/patones.net\/site\/ayto\/contacto\/","title":{"rendered":"Contacto"},"content":{"rendered":"\n<ul class=\"wp-block-list\"><li><strong>Ayuntamiento de Patones &#8211; Informaci\u00f3n municipal<\/strong><ul><li>Direcci\u00f3n: Plaza de la Constituci\u00f3n, 1 &#8211; 28189 &#8211; Patones &#8211; Madrid<\/li><li>Horario:<ul><li>Ma\u00f1anas: Lunes a Viernes de 9:00 a 15:30 h.<\/li><\/ul><\/li><li>Tfno: 918432026<\/li><li>Mail:ayuntamiento@patones.net<\/li><\/ul><\/li><\/ul>\n\n\n\n<ul class=\"wp-block-list\"><li><strong>Oficina de turismo<\/strong><ul><li>Tfno: 918432906<\/li><li>Mail: turismo@patones.net<\/li><\/ul><\/li><\/ul>\n\n\n\n<p><\/p>\n","protected":false},"excerpt":{"rendered":"<p>Ayuntamiento de Patones &#8211; Informaci\u00f3n municipal Direcci\u00f3n: Plaza de la Constituci\u00f3n, 1 &#8211; 28189 &#8211; Patones &#8211; Madrid Horario: Ma\u00f1anas: Lunes a Viernes de 9:00 a 15:30 h. Tfno: 918432026 Mail:ayuntamiento@patones.net Oficina de turismo Tfno: 918432906 Mail: turismo@patones.net<\/p>\n","protected":false},"author":1,"featured_media":0,"parent":0,"menu_order":0,"comment_status":"closed","ping_status":"closed","template":"","meta":{"footnotes":""},"class_list":["post-27","page","type-page","status-publish","hentry"],"_links":{"self":[{"href":"https:\/\/patones.net\/site\/ayto\/wp-json\/wp\/v2\/pages\/27","targetHints":{"allow":["GET"]}}],"collection":[{"href":"https:\/\/patones.net\/site\/ayto\/wp-json\/wp\/v2\/pages"}],"about":[{"href":"https:\/\/patones.net\/site\/ayto\/wp-json\/wp\/v2\/types\/page"}],"author":[{"embeddable":true,"href":"https:\/\/patones.net\/site\/ayto\/wp-json\/wp\/v2\/users\/1"}],"replies":[{"embeddable":true,"href":"https:\/\/patones.net\/site\/ayto\/wp-json\/wp\/v2\/comments?post=27"}],"version-history":[{"count":5,"href":"https:\/\/patones.net\/site\/ayto\/wp-json\/wp\/v2\/pages\/27\/revisions"}],"predecessor-version":[{"id":170,"href":"https:\/\/patones.net\/site\/ayto\/wp-json\/wp\/v2\/pages\/27\/revisions\/170"}],"wp:attachment":[{"href":"https:\/\/patones.net\/site\/ayto\/wp-json\/wp\/v2\/media?parent=27"}],"curies":[{"name":"wp","href":"https:\/\/api.w.org\/{rel}","templated":true}]}}