{"id":126,"date":"2022-03-04T10:30:13","date_gmt":"2022-03-04T10:30:13","guid":{"rendered":"https:\/\/patones.net\/site\/ayto\/?page_id=126"},"modified":"2022-03-04T12:32:12","modified_gmt":"2022-03-04T12:32:12","slug":"sanidad","status":"publish","type":"page","link":"https:\/\/patones.net\/site\/ayto\/sanidad\/","title":{"rendered":"Sanidad"},"content":{"rendered":"\n<h3 class=\"wp-block-heading\">Consultorio de Patones<\/h3>\n\n\n\n<p>Se pasa consulta en Patones los martes y jueves. Es imprescindible disponer de cita previa para ser atendido.<\/p>\n\n\n\n<h4 class=\"wp-block-heading\"><strong>Contacto. Cita previa para consulta<\/strong><\/h4>\n\n\n\n<p>Tel\u00e9fono: 91 843 12 36<\/p>\n\n\n\n<hr class=\"wp-block-separator is-style-wide\"\/>\n\n\n\n<h2 class=\"wp-block-heading\">Urgencias<\/h2>\n\n\n\n<p>Centro de Salud de Torrelaguna. C\/ Malacuera, 26. Torrelaguna. Tel\u00e9fono: 91 843 12 36<\/p>\n\n\n\n<hr class=\"wp-block-separator is-style-wide\"\/>\n\n\n\n<h2 class=\"wp-block-heading\">Farmacia de Patones<\/h2>\n\n\n\n<p>Direcci\u00f3n: Avenida de Madrid, 77. Patones.<br>Tel\u00e9fono: 91 843 20 33 &#8211; 616598978<br>Horario:<\/p>\n\n\n\n<ul class=\"has-small-font-size wp-block-list\"><li>Ma\u00f1anas: Lunes a Viernes de 9:00 a 15:00 horas. <\/li><li>Tardes: De 17:00 a 19:00 h. Martes tarde cerrado<\/li><li>S\u00e1bados: De 9:30 a 14:00 horas.<\/li><\/ul>\n\n\n\n<div class=\"wp-block-group\"><div class=\"wp-block-group__inner-container is-layout-flow wp-block-group-is-layout-flow\"><\/div><\/div>\n\n\n\n<hr class=\"wp-block-separator is-style-wide\"\/>\n\n\n\n<h2 class=\"wp-block-heading\">Pod\u00f3logo<\/h2>\n\n\n\n<p>Llamar al Ayuntamiento para informaci\u00f3n sobre d\u00edas de consulta y petici\u00f3n de cita.<\/p>\n","protected":false},"excerpt":{"rendered":"<p>Consultorio de Patones Se pasa consulta en Patones los martes y jueves. Es imprescindible disponer de cita previa para ser atendido. Contacto. Cita previa para consulta Tel\u00e9fono: 91 843 12 36 Urgencias Centro de Salud de Torrelaguna. C\/ Malacuera, 26. <a class=\"more-link\" href=\"https:\/\/patones.net\/site\/ayto\/sanidad\/\">Seguir leyendo <span class=\"screen-reader-text\">  Sanidad<\/span><span class=\"meta-nav\">&rarr;<\/span><\/a><\/p>\n","protected":false},"author":1,"featured_media":0,"parent":0,"menu_order":0,"comment_status":"closed","ping_status":"closed","template":"","meta":{"footnotes":""},"class_list":["post-126","page","type-page","status-publish","hentry"],"_links":{"self":[{"href":"https:\/\/patones.net\/site\/ayto\/wp-json\/wp\/v2\/pages\/126","targetHints":{"allow":["GET"]}}],"collection":[{"href":"https:\/\/patones.net\/site\/ayto\/wp-json\/wp\/v2\/pages"}],"about":[{"href":"https:\/\/patones.net\/site\/ayto\/wp-json\/wp\/v2\/types\/page"}],"author":[{"embeddable":true,"href":"https:\/\/patones.net\/site\/ayto\/wp-json\/wp\/v2\/users\/1"}],"replies":[{"embeddable":true,"href":"https:\/\/patones.net\/site\/ayto\/wp-json\/wp\/v2\/comments?post=126"}],"version-history":[{"count":20,"href":"https:\/\/patones.net\/site\/ayto\/wp-json\/wp\/v2\/pages\/126\/revisions"}],"predecessor-version":[{"id":160,"href":"https:\/\/patones.net\/site\/ayto\/wp-json\/wp\/v2\/pages\/126\/revisions\/160"}],"wp:attachment":[{"href":"https:\/\/patones.net\/site\/ayto\/wp-json\/wp\/v2\/media?parent=126"}],"curies":[{"name":"wp","href":"https:\/\/api.w.org\/{rel}","templated":true}]}}