{"id":114,"date":"2022-03-04T09:54:55","date_gmt":"2022-03-04T09:54:55","guid":{"rendered":"https:\/\/patones.net\/site\/ayto\/?page_id=114"},"modified":"2023-06-28T09:01:35","modified_gmt":"2023-06-28T09:01:35","slug":"servicios-sociales","status":"publish","type":"page","link":"https:\/\/patones.net\/site\/ayto\/servicios-sociales\/","title":{"rendered":"Servicios Sociales"},"content":{"rendered":"\n<h2 class=\"wp-block-heading\">Asistente social<\/h2>\n\n\n\n<h4 class=\"wp-block-heading\">D\u00aa Rosario Mart\u00edn Mart\u00edn<\/h4>\n\n\n\n<p><\/p>\n\n\n\n<h4 class=\"wp-block-heading\"><strong>Horario<\/strong> (Cita previa)<\/h4>\n\n\n\n<p>Mi\u00e9rcoles de 9:00 a 12:00 h.<\/p>\n\n\n\n<h4 class=\"wp-block-heading\"><strong>Contacto<\/strong> (Cita previa)<\/h4>\n\n\n\n<p>Tel\u00e9fono: 91 843 06 55<\/p>\n\n\n\n<p>Los Servicios sociales en la Mancomunidad de Servicios Sociales Sierra Norte, son los encargados de la cobertura de las necesidades sociales de los ciudadanos de los municipios de la Sierra Norte de Madrid. Entre los cuales se encuentra Patones.<\/p>\n\n\n\n<p>No obstante existen colectivos de especial riesgo a los cuales los servicios Sociales deben prestar mayor atenci\u00f3n (mayores, mujer, menores, extranjeros,\u2026) y para los cuales s\u00ed se destinan prestaciones y servicios espec\u00edficos.<\/p>\n\n\n\n<p>Todas nuestras intervenciones, se encuentran enmarcadas en los distintos proyectos que se marcan desde el Centro de Servicios Sociales, para todos los municipios que forman parte de la Mancomunidad, siguiendo las pautas establecidas por la Comunidad de Madrid, \u00faltima responsable de que los Servicios sociales lleguen a todos los ciudadanos.<\/p>\n\n\n\n<ul class=\"wp-block-list\">\n<li>Servicio de Informaci\u00f3n, valoraci\u00f3n y orientaci\u00f3n. Es la atenci\u00f3n semanal que se realiza por parte de la Trabajadora Social. A trav\u00e9s de este servicio se informa de los recursos y prestaciones existentes para cada situaci\u00f3n\/necesidad y se orienta a la persona hacia el m\u00e1s adecuado, ya sea un servicio propio gestionado por la Mancomunidad o perteneciente a otras administraciones (Comunidad de Madrid, IMSERSO, INSS,etc.)<\/li>\n\n\n\n<li>Servicio de Ayuda a Domicilio (SAD). Atenci\u00f3n domiciliaria (limpieza, aseo personal, preparaci\u00f3n de comidas, etc). Ayudas mejora de habitabilidad de la vivienda, para mayores.Teleasistencia. Cuidados infantiles&#8230;<\/li>\n\n\n\n<li>Servicio de Terapia Familiar. Tratamiento de familias<\/li>\n\n\n\n<li>Punto Mancomunado del Observatorio para la Violencia de G\u00e9nero de la Mancomunidad de Servicios Sociales Sierra Norte. Intervenci\u00f3n profesional en casos de violencia de g\u00e9nero. Asesor\u00eda jur\u00eddica. Talleres de conciliaci\u00f3n de la vida familiar y laboral.<\/li>\n\n\n\n<li>Actividades para mayores. Gimnasia de rehabilitaci\u00f3n. Charlas, encuentros y actividades varias.<\/li>\n<\/ul>\n\n\n\n<h4 class=\"wp-block-heading\">Para solicitar cada uno de estos servicios \u00fanicamente hay que acudir a la Trabajadora Social, en su horario de atenci\u00f3n municipal, y ella es quien realizar\u00e1 los tr\u00e1mites y gestiones pertinentes<\/h4>\n\n\n\n<p><\/p>\n","protected":false},"excerpt":{"rendered":"<p>Asistente social D\u00aa Rosario Mart\u00edn Mart\u00edn Horario (Cita previa) Mi\u00e9rcoles de 9:00 a 12:00 h. Contacto (Cita previa) Tel\u00e9fono: 91 843 06 55 Los Servicios sociales en la Mancomunidad de Servicios Sociales Sierra Norte, son los encargados de la cobertura <a class=\"more-link\" href=\"https:\/\/patones.net\/site\/ayto\/servicios-sociales\/\">Seguir leyendo <span class=\"screen-reader-text\">  Servicios Sociales<\/span><span class=\"meta-nav\">&rarr;<\/span><\/a><\/p>\n","protected":false},"author":1,"featured_media":0,"parent":0,"menu_order":0,"comment_status":"closed","ping_status":"closed","template":"","meta":{"footnotes":""},"class_list":["post-114","page","type-page","status-publish","hentry"],"_links":{"self":[{"href":"https:\/\/patones.net\/site\/ayto\/wp-json\/wp\/v2\/pages\/114","targetHints":{"allow":["GET"]}}],"collection":[{"href":"https:\/\/patones.net\/site\/ayto\/wp-json\/wp\/v2\/pages"}],"about":[{"href":"https:\/\/patones.net\/site\/ayto\/wp-json\/wp\/v2\/types\/page"}],"author":[{"embeddable":true,"href":"https:\/\/patones.net\/site\/ayto\/wp-json\/wp\/v2\/users\/1"}],"replies":[{"embeddable":true,"href":"https:\/\/patones.net\/site\/ayto\/wp-json\/wp\/v2\/comments?post=114"}],"version-history":[{"count":6,"href":"https:\/\/patones.net\/site\/ayto\/wp-json\/wp\/v2\/pages\/114\/revisions"}],"predecessor-version":[{"id":353,"href":"https:\/\/patones.net\/site\/ayto\/wp-json\/wp\/v2\/pages\/114\/revisions\/353"}],"wp:attachment":[{"href":"https:\/\/patones.net\/site\/ayto\/wp-json\/wp\/v2\/media?parent=114"}],"curies":[{"name":"wp","href":"https:\/\/api.w.org\/{rel}","templated":true}]}}